{"id":850,"date":"2015-10-08T13:08:34","date_gmt":"2015-10-08T11:08:34","guid":{"rendered":"http:\/\/gl\u00e4serne-produktion.de\/?page_id=850"},"modified":"2015-10-14T12:51:00","modified_gmt":"2015-10-14T10:51:00","slug":"zeitpaare-gewinner","status":"publish","type":"page","link":"https:\/\/gl\u00e4serne-produktion.de\/?page_id=850","title":{"rendered":"Zeitpaare &#8211; Gewinner"},"content":{"rendered":"<p>Die Veranstaltungen der Gl\u00e4sernen Produktion in Baden-W\u00fcrttemberg f\u00fchren seit 1991 jedes Jahr rund 400.000 Verbraucherinnen und Verbraucher auf landwirtschaftliche und lebensmittelverarbeitende Betriebe. Ziel der Gl\u00e4sernen Produktion ist, die Erzeugung und die Herstellung von Lebensmitteln in Baden-W\u00fcrttemberg transparent zu machen. Die Gl\u00e4serne Produktion steht f\u00fcr einen offenen Dialog zwischen Verbraucherinnen, Verbrauchern sowie Erzeugerinnen und Erzeugern. Unter den 355 mitwirkenden Betrieben im Jahr 2014 waren 347 landwirtschaftliche Betriebe. Betriebe mit Gl\u00e4serner Produktion bieten zum Teil Betriebsf\u00fchrungen, Feldrundg\u00e4nge, umfassende Informationen zur Landwirtschaft und Lebensmittelverarbeitung, sowie Aktionen rund um Spiel und Spa\u00df an.<\/p>\n<p>Bis zum 7. September 2015 konnten \u00fcber die Internetseite www.zeitpaare.de jeweils bis zu drei Bildpaare eingereicht werden. Die Bildpaare sollten eine Zeitspanne von \u201edamals und heute\u201c abbilden, m\u00f6glichst zwischen 1991 und 2015. Eingereicht werden konnten Bilder zu den Themenschwerpunkten \u201eErzeugen\u201c, \u201eVerarbeiten und Vermarkten\u201c sowie \u201eGenie\u00dfen\u201c.<\/p>\n<p>Eine Fachjury bestehend aus Expertinnen und Experten aus der Verwaltung unter Vorsitz von Ministerialdirektor Wolfgang Reimer hat die eingegangenen Bildpaare bewertet und die Gewinnerinnen und Gewinner ausgew\u00e4hlt. Der 1. Platz ging an Ale-xander Speer aus Sinsheim-D\u00fchren (Rhein-Neckar-Kreis). Mit seinen Bildern zur Grasernte verdeutlicht er die Entwicklung der vergangenen Jahre. Als Hauptpreis konnte er \u2013 ganz im Sinne des Wettbewerbs \u2013 ein besonderes ZeitPaar mitnehmen: eine moderne Digitalkamera und eine Sofortbildkamera nach altem Vorbild.<\/p>\n<p>Hier finden Sie die 10 Gewinner des Fotowettbewerbs:<\/p>\n<div id=\"attachment_854\" style=\"width: 610px\" class=\"wp-caption alignnone\"><a href=\"https:\/\/xn--glserne-produktion-mtb.de\/wp-content\/uploads\/2015\/10\/Gewinner_01.jpg\" data-lightbox=\"zeitpaare\"><img loading=\"lazy\" decoding=\"async\" aria-describedby=\"caption-attachment-854\" class=\" wp-image-854\" alt=\"Gewinner_01\" src=\"https:\/\/xn--glserne-produktion-mtb.de\/wp-content\/uploads\/2015\/10\/Gewinner_01_mini.png\" width=\"600\" height=\"447\" \/><\/a><p id=\"caption-attachment-854\" class=\"wp-caption-text\">Alexander Friedrich Speer, Sinsheim-D\u00fchren, Rhein-Neckar-Kreis<\/p><\/div>\n<div id=\"attachment_855\" style=\"width: 610px\" class=\"wp-caption alignnone\"><a href=\"https:\/\/xn--glserne-produktion-mtb.de\/wp-content\/uploads\/2015\/10\/Gewinner_02.jpg\" data-lightbox=\"zeitpaare\"><img loading=\"lazy\" decoding=\"async\" aria-describedby=\"caption-attachment-855\" class=\"size-full wp-image-855\" alt=\"Gewinner_02\" src=\"https:\/\/xn--glserne-produktion-mtb.de\/wp-content\/uploads\/2015\/10\/Gewinner_02_mini.png\" width=\"600\" height=\"447\" \/><\/a><p id=\"caption-attachment-855\" class=\"wp-caption-text\">Jonathan Wenz, Pfinztal, Landkreis Karlsruhe<\/p><\/div>\n<div id=\"attachment_856\" style=\"width: 610px\" class=\"wp-caption alignnone\"><a href=\"https:\/\/xn--glserne-produktion-mtb.de\/wp-content\/uploads\/2015\/10\/Gewinner_03.jpg\" data-lightbox=\"zeitpaare\"><img loading=\"lazy\" decoding=\"async\" aria-describedby=\"caption-attachment-856\" class=\"size-full wp-image-856\" alt=\"Gewinner_03\" src=\"https:\/\/xn--glserne-produktion-mtb.de\/wp-content\/uploads\/2015\/10\/Gewinner_03_mini.png\" width=\"600\" height=\"447\" \/><\/a><p id=\"caption-attachment-856\" class=\"wp-caption-text\">J\u00fcrgen Krauth, Illingen, Enzkreis<\/p><\/div>\n<div id=\"attachment_857\" style=\"width: 610px\" class=\"wp-caption alignnone\"><a href=\"https:\/\/xn--glserne-produktion-mtb.de\/wp-content\/uploads\/2015\/10\/Gewinner_04.jpg\" data-lightbox=\"zeitpaare\"><img loading=\"lazy\" decoding=\"async\" aria-describedby=\"caption-attachment-857\" class=\"size-full wp-image-857\" alt=\"Gewinner_04\" src=\"https:\/\/xn--glserne-produktion-mtb.de\/wp-content\/uploads\/2015\/10\/Gewinner_04_mini.png\" width=\"600\" height=\"447\" \/><\/a><p id=\"caption-attachment-857\" class=\"wp-caption-text\">Nicole Kist, B\u00fchl, Landkreis Rastatt<\/p><\/div>\n<div id=\"attachment_858\" style=\"width: 610px\" class=\"wp-caption alignnone\"><a href=\"https:\/\/xn--glserne-produktion-mtb.de\/wp-content\/uploads\/2015\/10\/Gewinner_05.jpg\" data-lightbox=\"zeitpaare\"><img loading=\"lazy\" decoding=\"async\" aria-describedby=\"caption-attachment-858\" class=\"size-full wp-image-858\" alt=\"Gewinner_05\" src=\"https:\/\/xn--glserne-produktion-mtb.de\/wp-content\/uploads\/2015\/10\/Gewinner_05_mini.png\" width=\"600\" height=\"447\" \/><\/a><p id=\"caption-attachment-858\" class=\"wp-caption-text\">Mirjam Kirschbaum, Sulz, Landkreis Rottweil<\/p><\/div>\n<div id=\"attachment_859\" style=\"width: 610px\" class=\"wp-caption alignnone\"><a href=\"https:\/\/xn--glserne-produktion-mtb.de\/wp-content\/uploads\/2015\/10\/Gewinner_06.jpg\" data-lightbox=\"zeitpaare\"><img loading=\"lazy\" decoding=\"async\" aria-describedby=\"caption-attachment-859\" class=\"size-full wp-image-859\" alt=\"Gewinner_06\" src=\"https:\/\/xn--glserne-produktion-mtb.de\/wp-content\/uploads\/2015\/10\/Gewinner_06_mini.png\" width=\"600\" height=\"447\" \/><\/a><p id=\"caption-attachment-859\" class=\"wp-caption-text\">Alexander Friedrich Speer, Sinsheim-D\u00fchren, Rhein-Neckar-Kreis<\/p><\/div>\n<div id=\"attachment_860\" style=\"width: 610px\" class=\"wp-caption alignnone\"><a href=\"https:\/\/xn--glserne-produktion-mtb.de\/wp-content\/uploads\/2015\/10\/Gewinner_07.jpg\" data-lightbox=\"zeitpaare\"><img loading=\"lazy\" decoding=\"async\" aria-describedby=\"caption-attachment-860\" class=\"size-full wp-image-860\" alt=\"Gewinner_07\" src=\"https:\/\/xn--glserne-produktion-mtb.de\/wp-content\/uploads\/2015\/10\/Gewinner_07_mini.png\" width=\"600\" height=\"447\" \/><\/a><p id=\"caption-attachment-860\" class=\"wp-caption-text\">Christine Rombach, Stegen-Eschbach, Landkreis Breisgau-Hochschwarzwald<\/p><\/div>\n<div id=\"attachment_861\" style=\"width: 610px\" class=\"wp-caption alignnone\"><a href=\"https:\/\/xn--glserne-produktion-mtb.de\/wp-content\/uploads\/2015\/10\/Gewinner_08.jpg\" data-lightbox=\"zeitpaare\"><img loading=\"lazy\" decoding=\"async\" aria-describedby=\"caption-attachment-861\" class=\"size-full wp-image-861\" alt=\"Gewinner_08\" src=\"https:\/\/xn--glserne-produktion-mtb.de\/wp-content\/uploads\/2015\/10\/Gewinner_08_mini.png\" width=\"600\" height=\"447\" \/><\/a><p id=\"caption-attachment-861\" class=\"wp-caption-text\">Ingrid Neidinger, Bruchsal-Heidelsheim, Landkreis Karlsruhe<\/p><\/div>\n<div id=\"attachment_862\" style=\"width: 610px\" class=\"wp-caption alignnone\"><a href=\"https:\/\/xn--glserne-produktion-mtb.de\/wp-content\/uploads\/2015\/10\/Gewinner_09.jpg\" data-lightbox=\"zeitpaare\"><img loading=\"lazy\" decoding=\"async\" aria-describedby=\"caption-attachment-862\" class=\"size-full wp-image-862\" alt=\"Gewinner_09\" src=\"https:\/\/xn--glserne-produktion-mtb.de\/wp-content\/uploads\/2015\/10\/Gewinner_09_mini.png\" width=\"600\" height=\"447\" \/><\/a><p id=\"caption-attachment-862\" class=\"wp-caption-text\">Monika Z\u00e4hringer, Titisee-Neustadt, Landkreis Breisgau-Hochschwarzwald<\/p><\/div>\n<div id=\"attachment_863\" style=\"width: 610px\" class=\"wp-caption alignnone\"><a href=\"https:\/\/xn--glserne-produktion-mtb.de\/wp-content\/uploads\/2015\/10\/Gewinner_10.jpg\" data-lightbox=\"zeitpaare\"><img loading=\"lazy\" decoding=\"async\" aria-describedby=\"caption-attachment-863\" class=\"size-full wp-image-863\" alt=\"Gewinner_10\" src=\"https:\/\/xn--glserne-produktion-mtb.de\/wp-content\/uploads\/2015\/10\/Gewinner_10_mini.png\" width=\"600\" height=\"447\" \/><\/a><p id=\"caption-attachment-863\" class=\"wp-caption-text\">Thomas Kocher, Ditzingen, Landkreis Ludwigsburg<\/p><\/div>\n<p>&nbsp;<\/p>\n","protected":false},"excerpt":{"rendered":"<p>Die Veranstaltungen der Gl\u00e4sernen Produktion in Baden-W\u00fcrttemberg f\u00fchren seit 1991 jedes Jahr rund 400.000 Verbraucherinnen und Verbraucher auf landwirtschaftliche und lebensmittelverarbeitende Betriebe. Ziel der Gl\u00e4sernen Produktion ist, die Erzeugung und die Herstellung von Lebensmitteln in Baden-W\u00fcrttemberg transparent zu machen. Die &hellip; <a href=\"https:\/\/gl\u00e4serne-produktion.de\/?page_id=850\">Weiterlesen <span class=\"meta-nav\">&rarr;<\/span><\/a><\/p>\n","protected":false},"author":1,"featured_media":852,"parent":0,"menu_order":0,"comment_status":"closed","ping_status":"closed","template":"zeitpaare.php","meta":{"footnotes":""},"class_list":["post-850","page","type-page","status-publish","has-post-thumbnail","hentry"],"publishpress_future_action":{"enabled":false,"date":"2026-04-11 07:43:44","action":"change-status","newStatus":"draft","terms":[],"taxonomy":"","extraData":[]},"publishpress_future_workflow_manual_trigger":{"enabledWorkflows":[]},"_links":{"self":[{"href":"https:\/\/gl\u00e4serne-produktion.de\/index.php?rest_route=\/wp\/v2\/pages\/850","targetHints":{"allow":["GET"]}}],"collection":[{"href":"https:\/\/gl\u00e4serne-produktion.de\/index.php?rest_route=\/wp\/v2\/pages"}],"about":[{"href":"https:\/\/gl\u00e4serne-produktion.de\/index.php?rest_route=\/wp\/v2\/types\/page"}],"author":[{"embeddable":true,"href":"https:\/\/gl\u00e4serne-produktion.de\/index.php?rest_route=\/wp\/v2\/users\/1"}],"replies":[{"embeddable":true,"href":"https:\/\/gl\u00e4serne-produktion.de\/index.php?rest_route=%2Fwp%2Fv2%2Fcomments&post=850"}],"version-history":[{"count":16,"href":"https:\/\/gl\u00e4serne-produktion.de\/index.php?rest_route=\/wp\/v2\/pages\/850\/revisions"}],"predecessor-version":[{"id":908,"href":"https:\/\/gl\u00e4serne-produktion.de\/index.php?rest_route=\/wp\/v2\/pages\/850\/revisions\/908"}],"wp:featuredmedia":[{"embeddable":true,"href":"https:\/\/gl\u00e4serne-produktion.de\/index.php?rest_route=\/wp\/v2\/media\/852"}],"wp:attachment":[{"href":"https:\/\/gl\u00e4serne-produktion.de\/index.php?rest_route=%2Fwp%2Fv2%2Fmedia&parent=850"}],"curies":[{"name":"wp","href":"https:\/\/api.w.org\/{rel}","templated":true}]}}