{"id":65,"date":"2013-11-12T14:52:47","date_gmt":"2013-11-12T12:52:47","guid":{"rendered":"http:\/\/gl\u00e4serne-produktion.de\/?page_id=65"},"modified":"2015-09-15T08:35:40","modified_gmt":"2015-09-15T06:35:40","slug":"lebensmittel-identitaet-und-versorgungssicherheit","status":"publish","type":"page","link":"https:\/\/gl\u00e4serne-produktion.de\/?page_id=65","title":{"rendered":"Lebensmittel: Identit\u00e4t und Versorgungssicherheit"},"content":{"rendered":"<h1>Lebensmittel: Identit\u00e4t<br \/>\nund Versorgungssicherheit.<\/h1>\n<p>Erzeugung und Verarbeitung von Lebensmitteln ist das \u00e4lteste Kulturgut. Das Wissen dar\u00fcber wurde von Generation zu Generation weitergegeben und verbessert. Es steht in einer engen Verbindung zu Region und Landschaft.<\/p>\n<ul>\n<li>Standortgerechte und umweltvertr\u00e4gliche Produktions- und Nutzungsverfahren bedeuten Ertragssicherheit und sichere Lebensmittelversorgung<\/li>\n<li>Schutz und nachhaltige Nutzung der nat\u00fcrlichen Ressourcen sowie tragf\u00e4hige, wirtschaftliche und soziale Produktionssysteme sind eine Investition in die Zukunft<\/li>\n<li>Bewusster Lebensmittelkonsum f\u00f6rdert Gesundheit, Sicherheit und das Gemeinwohl<\/li>\n<li>Kontinuierliche und verl\u00e4ssliche Lebensmittelangebote setzen regionale Kooperationen voraus<\/li>\n<li>Empfindungen f\u00fcr Heimat, Geborgenheit, Vertrautheit und Zugeh\u00f6rigkeit k\u00f6nnen die Verbindung mit der regionalen Lebensmittelwirtschaft festigen<\/li>\n<li>Wettbewerbsf\u00e4hige regionale Landwirtschaft und Lebensmittelwirtschaft sind die Basis f\u00fcr Selbstversorgung<\/li>\n<\/ul>\n","protected":false},"excerpt":{"rendered":"<p>Lebensmittel: Identit\u00e4t und Versorgungssicherheit. Erzeugung und Verarbeitung von Lebensmitteln ist das \u00e4lteste Kulturgut. Das Wissen dar\u00fcber wurde von Generation zu Generation weitergegeben und verbessert. Es steht in einer engen Verbindung zu Region und Landschaft. Standortgerechte und umweltvertr\u00e4gliche Produktions- und Nutzungsverfahren &hellip; <a href=\"https:\/\/gl\u00e4serne-produktion.de\/?page_id=65\">Weiterlesen <span class=\"meta-nav\">&rarr;<\/span><\/a><\/p>\n","protected":false},"author":1,"featured_media":86,"parent":18,"menu_order":0,"comment_status":"closed","ping_status":"closed","template":"standardseite.php","meta":{"footnotes":""},"class_list":["post-65","page","type-page","status-publish","has-post-thumbnail","hentry"],"publishpress_future_action":{"enabled":false,"date":"2026-04-22 15:57:49","action":"change-status","newStatus":"draft","terms":[],"taxonomy":"","extraData":[]},"publishpress_future_workflow_manual_trigger":{"enabledWorkflows":[]},"_links":{"self":[{"href":"https:\/\/gl\u00e4serne-produktion.de\/index.php?rest_route=\/wp\/v2\/pages\/65","targetHints":{"allow":["GET"]}}],"collection":[{"href":"https:\/\/gl\u00e4serne-produktion.de\/index.php?rest_route=\/wp\/v2\/pages"}],"about":[{"href":"https:\/\/gl\u00e4serne-produktion.de\/index.php?rest_route=\/wp\/v2\/types\/page"}],"author":[{"embeddable":true,"href":"https:\/\/gl\u00e4serne-produktion.de\/index.php?rest_route=\/wp\/v2\/users\/1"}],"replies":[{"embeddable":true,"href":"https:\/\/gl\u00e4serne-produktion.de\/index.php?rest_route=%2Fwp%2Fv2%2Fcomments&post=65"}],"version-history":[{"count":3,"href":"https:\/\/gl\u00e4serne-produktion.de\/index.php?rest_route=\/wp\/v2\/pages\/65\/revisions"}],"predecessor-version":[{"id":88,"href":"https:\/\/gl\u00e4serne-produktion.de\/index.php?rest_route=\/wp\/v2\/pages\/65\/revisions\/88"}],"up":[{"embeddable":true,"href":"https:\/\/gl\u00e4serne-produktion.de\/index.php?rest_route=\/wp\/v2\/pages\/18"}],"wp:featuredmedia":[{"embeddable":true,"href":"https:\/\/gl\u00e4serne-produktion.de\/index.php?rest_route=\/wp\/v2\/media\/86"}],"wp:attachment":[{"href":"https:\/\/gl\u00e4serne-produktion.de\/index.php?rest_route=%2Fwp%2Fv2%2Fmedia&parent=65"}],"curies":[{"name":"wp","href":"https:\/\/api.w.org\/{rel}","templated":true}]}}