{"id":61,"date":"2013-11-12T14:52:06","date_gmt":"2013-11-12T12:52:06","guid":{"rendered":"http:\/\/gl\u00e4serne-produktion.de\/?page_id=61"},"modified":"2015-09-15T08:36:23","modified_gmt":"2015-09-15T06:36:23","slug":"klimaschutz","status":"publish","type":"page","link":"https:\/\/gl\u00e4serne-produktion.de\/?page_id=61","title":{"rendered":"Klimaschutz"},"content":{"rendered":"<h1>Klimaschutz.<\/h1>\n<p>Klimaschutz in der Landwirtschaft bedeutet die Kohlendioxid-Belastung der Atmosph\u00e4re aktiv zu reduzieren. Sowohl durch einen sparsamen Umgang mit Energie als auch durch die F\u00f6rderung eines optimalen Pflanzenwachstums.<\/p>\n<ul>\n<li>Erhaltung des Dauergr\u00fcnlandes als Kohlendioxidsenke<\/li>\n<li>Erh\u00f6hung der Kohlendioxid-Bindung im Boden durch konservierende, pfluglose Bodenbearbeitung<\/li>\n<li>Ausgleich in der Kohlendioxid-Bilanz durch den Anbau nachwachsender Rohstoffe<\/li>\n<li>Gezielte und bedarfsgerechte Anwendung von D\u00fcnge- und Pflanzenschutzmitteln reduziert den Verbrauch an diesen mit hohem Energieaufwand hergestellten Betriebsmitteln<\/li>\n<li>Verringerung von Transport- und Lagerzeiten durch saisonale Nachfrage bei Lebensmitteln<\/li>\n<li>Kurze Transportwege von der Erzeugung \u00fcber die Verarbeitung zur Vermarktung durch regionale Kooperationen<\/li>\n<li>Extensive und damit energieeffiziente Gr\u00fcnlandnutzung durch Beweidung<\/li>\n<li>Ausrichtung der Pflanzenz\u00fcchtung auf hohe Ertr\u00e4ge und Qualit\u00e4ten bei gleichzeitig geringem D\u00fcnge- und Pflanzenschutzmitteleinsatz<\/li>\n<li>Reduzierung von klimarelevanten Gasen in der Tierhaltung z. B. durch n\u00e4hrstoffangepasste F\u00fctterung und verlustarme G\u00fclleausbringung<\/li>\n<\/ul>\n","protected":false},"excerpt":{"rendered":"<p>Klimaschutz. Klimaschutz in der Landwirtschaft bedeutet die Kohlendioxid-Belastung der Atmosph\u00e4re aktiv zu reduzieren. Sowohl durch einen sparsamen Umgang mit Energie als auch durch die F\u00f6rderung eines optimalen Pflanzenwachstums. Erhaltung des Dauergr\u00fcnlandes als Kohlendioxidsenke Erh\u00f6hung der Kohlendioxid-Bindung im Boden durch konservierende, &hellip; <a href=\"https:\/\/gl\u00e4serne-produktion.de\/?page_id=61\">Weiterlesen <span class=\"meta-nav\">&rarr;<\/span><\/a><\/p>\n","protected":false},"author":1,"featured_media":82,"parent":18,"menu_order":0,"comment_status":"closed","ping_status":"closed","template":"standardseite.php","meta":{"footnotes":""},"class_list":["post-61","page","type-page","status-publish","has-post-thumbnail","hentry"],"publishpress_future_action":{"enabled":false,"date":"2026-04-23 06:43:54","action":"change-status","newStatus":"draft","terms":[],"taxonomy":"","extraData":[]},"publishpress_future_workflow_manual_trigger":{"enabledWorkflows":[]},"_links":{"self":[{"href":"https:\/\/gl\u00e4serne-produktion.de\/index.php?rest_route=\/wp\/v2\/pages\/61","targetHints":{"allow":["GET"]}}],"collection":[{"href":"https:\/\/gl\u00e4serne-produktion.de\/index.php?rest_route=\/wp\/v2\/pages"}],"about":[{"href":"https:\/\/gl\u00e4serne-produktion.de\/index.php?rest_route=\/wp\/v2\/types\/page"}],"author":[{"embeddable":true,"href":"https:\/\/gl\u00e4serne-produktion.de\/index.php?rest_route=\/wp\/v2\/users\/1"}],"replies":[{"embeddable":true,"href":"https:\/\/gl\u00e4serne-produktion.de\/index.php?rest_route=%2Fwp%2Fv2%2Fcomments&post=61"}],"version-history":[{"count":2,"href":"https:\/\/gl\u00e4serne-produktion.de\/index.php?rest_route=\/wp\/v2\/pages\/61\/revisions"}],"predecessor-version":[{"id":83,"href":"https:\/\/gl\u00e4serne-produktion.de\/index.php?rest_route=\/wp\/v2\/pages\/61\/revisions\/83"}],"up":[{"embeddable":true,"href":"https:\/\/gl\u00e4serne-produktion.de\/index.php?rest_route=\/wp\/v2\/pages\/18"}],"wp:featuredmedia":[{"embeddable":true,"href":"https:\/\/gl\u00e4serne-produktion.de\/index.php?rest_route=\/wp\/v2\/media\/82"}],"wp:attachment":[{"href":"https:\/\/gl\u00e4serne-produktion.de\/index.php?rest_route=%2Fwp%2Fv2%2Fmedia&parent=61"}],"curies":[{"name":"wp","href":"https:\/\/api.w.org\/{rel}","templated":true}]}}