{"id":59,"date":"2013-11-12T14:51:51","date_gmt":"2013-11-12T12:51:51","guid":{"rendered":"http:\/\/gl\u00e4serne-produktion.de\/?page_id=59"},"modified":"2015-09-15T08:36:01","modified_gmt":"2015-09-15T06:36:01","slug":"kulturlandschaft-erhalten-und-biologische-vielfalt-foerdern","status":"publish","type":"page","link":"https:\/\/gl\u00e4serne-produktion.de\/?page_id=59","title":{"rendered":"Kulturlandschaft erhalten und biologische Vielfalt f\u00f6rdern"},"content":{"rendered":"<h1>Kulturlandschaft erhalten<br \/>\nund biologische Vielfalt f\u00f6rdern.<\/h1>\n<p>Unsere Kulturlandschaft ist durch landwirtschaftliche Nutzung gepr\u00e4gt und ihr Erhalt davon abh\u00e4ngig. Je nach Bewirtschaftung finden sich hier sehr vielf\u00e4ltige Tier- und Pflanzenwelten und damit wertvolle Biotope, die es zu erhalten und weiterzuentwickeln gilt.<\/p>\n<ul>\n<li>Extensive Gr\u00fcnlandwirtschaft und Wanderschafhaltung sichern wertvolle Biotope wie z. B. Magerrasen<\/li>\n<li>Streuobstwiesen sind einer der artenreichsten Lebensr\u00e4ume und Standort traditioneller, heimischer Obstsorten<\/li>\n<li>Steillagen-Weinbau als kulturhistorische Nutzungsform bietet mit seinen Trockenmauern einzigartige Lebensr\u00e4ume<\/li>\n<li>Abwechslungsreiche Fruchtfolgen beg\u00fcnstigen die Artenvielfalt und beleben das Landschaftsbild<\/li>\n<li>Landschaftselemente wie z. B. Feldraine, Feldgeh\u00f6lze, Feuchtgebiete, Steinriegel und Hecken beherbergen eine vielf\u00e4ltige Tier- und Pflanzenwelt<\/li>\n<li>Pfluglose Bodenbearbeitung beg\u00fcnstigt das Bodenleben<\/li>\n<li>Biologische Sch\u00e4dlingsbek\u00e4mpfung und die Verwendung von n\u00fctzlingsschonenden Pflanzenschutzmitteln sch\u00fctzen die nat\u00fcrliche Tier- und Pflanzenwelt<\/li>\n<\/ul>\n","protected":false},"excerpt":{"rendered":"<p>Kulturlandschaft erhalten und biologische Vielfalt f\u00f6rdern. Unsere Kulturlandschaft ist durch landwirtschaftliche Nutzung gepr\u00e4gt und ihr Erhalt davon abh\u00e4ngig. Je nach Bewirtschaftung finden sich hier sehr vielf\u00e4ltige Tier- und Pflanzenwelten und damit wertvolle Biotope, die es zu erhalten und weiterzuentwickeln gilt. &hellip; <a href=\"https:\/\/gl\u00e4serne-produktion.de\/?page_id=59\">Weiterlesen <span class=\"meta-nav\">&rarr;<\/span><\/a><\/p>\n","protected":false},"author":1,"featured_media":80,"parent":18,"menu_order":0,"comment_status":"closed","ping_status":"closed","template":"standardseite.php","meta":{"footnotes":""},"class_list":["post-59","page","type-page","status-publish","has-post-thumbnail","hentry"],"publishpress_future_action":{"enabled":false,"date":"2026-05-17 11:47:13","action":"change-status","newStatus":"draft","terms":[],"taxonomy":"","extraData":[]},"publishpress_future_workflow_manual_trigger":{"enabledWorkflows":[]},"_links":{"self":[{"href":"https:\/\/gl\u00e4serne-produktion.de\/index.php?rest_route=\/wp\/v2\/pages\/59","targetHints":{"allow":["GET"]}}],"collection":[{"href":"https:\/\/gl\u00e4serne-produktion.de\/index.php?rest_route=\/wp\/v2\/pages"}],"about":[{"href":"https:\/\/gl\u00e4serne-produktion.de\/index.php?rest_route=\/wp\/v2\/types\/page"}],"author":[{"embeddable":true,"href":"https:\/\/gl\u00e4serne-produktion.de\/index.php?rest_route=\/wp\/v2\/users\/1"}],"replies":[{"embeddable":true,"href":"https:\/\/gl\u00e4serne-produktion.de\/index.php?rest_route=%2Fwp%2Fv2%2Fcomments&post=59"}],"version-history":[{"count":3,"href":"https:\/\/gl\u00e4serne-produktion.de\/index.php?rest_route=\/wp\/v2\/pages\/59\/revisions"}],"predecessor-version":[{"id":90,"href":"https:\/\/gl\u00e4serne-produktion.de\/index.php?rest_route=\/wp\/v2\/pages\/59\/revisions\/90"}],"up":[{"embeddable":true,"href":"https:\/\/gl\u00e4serne-produktion.de\/index.php?rest_route=\/wp\/v2\/pages\/18"}],"wp:featuredmedia":[{"embeddable":true,"href":"https:\/\/gl\u00e4serne-produktion.de\/index.php?rest_route=\/wp\/v2\/media\/80"}],"wp:attachment":[{"href":"https:\/\/gl\u00e4serne-produktion.de\/index.php?rest_route=%2Fwp%2Fv2%2Fmedia&parent=59"}],"curies":[{"name":"wp","href":"https:\/\/api.w.org\/{rel}","templated":true}]}}