{"id":53,"date":"2013-11-12T14:50:44","date_gmt":"2013-11-12T12:50:44","guid":{"rendered":"http:\/\/gl\u00e4serne-produktion.de\/?page_id=53"},"modified":"2015-09-15T08:36:50","modified_gmt":"2015-09-15T06:36:50","slug":"fruchtbare-boeden-erhalten","status":"publish","type":"page","link":"https:\/\/gl\u00e4serne-produktion.de\/?page_id=53","title":{"rendered":"Fruchtbare B\u00f6den erhalten"},"content":{"rendered":"<h1>Fruchtbare B\u00f6den erhalten.<\/h1>\n<p>Ein fruchtbarer Boden ist die zentrale Voraussetzung f\u00fcr eine nachhaltige Pflanzenproduktion. Die Erhaltung der Qualit\u00e4t und der Fruchtbarkeit der B\u00f6den ist daher eine Daueraufgabe der Landwirtschaft.<\/p>\n<ul>\n<li>Ausgeglichene Humusbilanz durch mehrgliedrige Fruchtfolge, organische D\u00fcngung und Zwischenfruchtanbau<\/li>\n<li>Pfluglose Bodenbearbeitung f\u00f6rdert das Bodenleben, verbessert die Bodenstruktur und erh\u00f6ht den Humusgehalt<\/li>\n<li>Einsaat der Kulturen in einen mit z.B. Strohstoppeln oder Gr\u00fcnd\u00fcngung bedeckten Boden reduziert die Bodenerosion<\/li>\n<li>Vermeiden von Bodenverdichtung durch verringerte \u00dcberfahrten und bodenschonende Bereifung der Maschinen<\/li>\n<li>Bedarfsgerechte D\u00fcngung erh\u00e4lt die Bodenfruchtbarkeit und vermeidet unerw\u00fcnschte N\u00e4hrstoffanreicherungen<\/li>\n<li>Biologische und mechanische Bek\u00e4mpfung von Sch\u00e4dlingen verringert den chemischen Pflanzenschutz<\/li>\n<\/ul>\n","protected":false},"excerpt":{"rendered":"<p>Fruchtbare B\u00f6den erhalten. Ein fruchtbarer Boden ist die zentrale Voraussetzung f\u00fcr eine nachhaltige Pflanzenproduktion. Die Erhaltung der Qualit\u00e4t und der Fruchtbarkeit der B\u00f6den ist daher eine Daueraufgabe der Landwirtschaft. Ausgeglichene Humusbilanz durch mehrgliedrige Fruchtfolge, organische D\u00fcngung und Zwischenfruchtanbau Pfluglose Bodenbearbeitung &hellip; <a href=\"https:\/\/gl\u00e4serne-produktion.de\/?page_id=53\">Weiterlesen <span class=\"meta-nav\">&rarr;<\/span><\/a><\/p>\n","protected":false},"author":1,"featured_media":74,"parent":18,"menu_order":0,"comment_status":"closed","ping_status":"closed","template":"standardseite.php","meta":{"footnotes":""},"class_list":["post-53","page","type-page","status-publish","has-post-thumbnail","hentry"],"publishpress_future_action":{"enabled":false,"date":"2026-05-08 08:33:26","action":"change-status","newStatus":"draft","terms":[],"taxonomy":"","extraData":[]},"publishpress_future_workflow_manual_trigger":{"enabledWorkflows":[]},"_links":{"self":[{"href":"https:\/\/gl\u00e4serne-produktion.de\/index.php?rest_route=\/wp\/v2\/pages\/53","targetHints":{"allow":["GET"]}}],"collection":[{"href":"https:\/\/gl\u00e4serne-produktion.de\/index.php?rest_route=\/wp\/v2\/pages"}],"about":[{"href":"https:\/\/gl\u00e4serne-produktion.de\/index.php?rest_route=\/wp\/v2\/types\/page"}],"author":[{"embeddable":true,"href":"https:\/\/gl\u00e4serne-produktion.de\/index.php?rest_route=\/wp\/v2\/users\/1"}],"replies":[{"embeddable":true,"href":"https:\/\/gl\u00e4serne-produktion.de\/index.php?rest_route=%2Fwp%2Fv2%2Fcomments&post=53"}],"version-history":[{"count":2,"href":"https:\/\/gl\u00e4serne-produktion.de\/index.php?rest_route=\/wp\/v2\/pages\/53\/revisions"}],"predecessor-version":[{"id":75,"href":"https:\/\/gl\u00e4serne-produktion.de\/index.php?rest_route=\/wp\/v2\/pages\/53\/revisions\/75"}],"up":[{"embeddable":true,"href":"https:\/\/gl\u00e4serne-produktion.de\/index.php?rest_route=\/wp\/v2\/pages\/18"}],"wp:featuredmedia":[{"embeddable":true,"href":"https:\/\/gl\u00e4serne-produktion.de\/index.php?rest_route=\/wp\/v2\/media\/74"}],"wp:attachment":[{"href":"https:\/\/gl\u00e4serne-produktion.de\/index.php?rest_route=%2Fwp%2Fv2%2Fmedia&parent=53"}],"curies":[{"name":"wp","href":"https:\/\/api.w.org\/{rel}","templated":true}]}}