{"id":4,"date":"2013-11-12T13:11:41","date_gmt":"2013-11-12T11:11:41","guid":{"rendered":"http:\/\/gl\u00e4serne-produktion.de\/?page_id=4"},"modified":"2015-09-15T08:33:15","modified_gmt":"2015-09-15T06:33:15","slug":"nachhaltig-gut","status":"publish","type":"page","link":"https:\/\/gl\u00e4serne-produktion.de\/?page_id=4","title":{"rendered":"Nachhaltig Gut"},"content":{"rendered":"<h1>Nachhaltig gut. Lebensmittel aus<br \/>\nBaden-W\u00fcrttemberg.<\/h1>\n<p>Regionale Produkte kommen auf kurzem Weg zu den Konsumenten und sparen damit Energie f\u00fcr lange Transporte. Saisonal eingekauft sind sie frisch und reich an wertvollen Inhaltsstoffen \u2013 also die Grundlage einer gesunden und bewussten Ern\u00e4hrung.<\/p>\n<p>Ein bewusstes Kaufverhalten zugunsten regionaler Produkte h\u00e4lt die Wertsch\u00f6pfung in der Region und st\u00fctzt so die wirtschaftlichen und sozialen Strukturen im L\u00e4ndlichen Raum.<\/p>\n<p>Die moderne landwirtschaftliche Produktion mit den Methoden des integrierten Anbaus ist umweltschonend. Die landwirtschaftliche Nutzung erh\u00e4lt unsere einzigartige Kulturlandschaft und damit biologische Vielfalt.<\/p>\n","protected":false},"excerpt":{"rendered":"<p>Nachhaltig gut. Lebensmittel aus Baden-W\u00fcrttemberg. Regionale Produkte kommen auf kurzem Weg zu den Konsumenten und sparen damit Energie f\u00fcr lange Transporte. Saisonal eingekauft sind sie frisch und reich an wertvollen Inhaltsstoffen \u2013 also die Grundlage einer gesunden und bewussten Ern\u00e4hrung. &hellip; <a href=\"https:\/\/gl\u00e4serne-produktion.de\/?page_id=4\">Weiterlesen <span class=\"meta-nav\">&rarr;<\/span><\/a><\/p>\n","protected":false},"author":1,"featured_media":44,"parent":0,"menu_order":0,"comment_status":"closed","ping_status":"closed","template":"standardseite.php","meta":{"footnotes":""},"class_list":["post-4","page","type-page","status-publish","has-post-thumbnail","hentry"],"publishpress_future_action":{"enabled":false,"date":"2026-05-09 12:18:00","action":"change-status","newStatus":"draft","terms":[],"taxonomy":"","extraData":[]},"publishpress_future_workflow_manual_trigger":{"enabledWorkflows":[]},"_links":{"self":[{"href":"https:\/\/gl\u00e4serne-produktion.de\/index.php?rest_route=\/wp\/v2\/pages\/4","targetHints":{"allow":["GET"]}}],"collection":[{"href":"https:\/\/gl\u00e4serne-produktion.de\/index.php?rest_route=\/wp\/v2\/pages"}],"about":[{"href":"https:\/\/gl\u00e4serne-produktion.de\/index.php?rest_route=\/wp\/v2\/types\/page"}],"author":[{"embeddable":true,"href":"https:\/\/gl\u00e4serne-produktion.de\/index.php?rest_route=\/wp\/v2\/users\/1"}],"replies":[{"embeddable":true,"href":"https:\/\/gl\u00e4serne-produktion.de\/index.php?rest_route=%2Fwp%2Fv2%2Fcomments&post=4"}],"version-history":[{"count":3,"href":"https:\/\/gl\u00e4serne-produktion.de\/index.php?rest_route=\/wp\/v2\/pages\/4\/revisions"}],"predecessor-version":[{"id":846,"href":"https:\/\/gl\u00e4serne-produktion.de\/index.php?rest_route=\/wp\/v2\/pages\/4\/revisions\/846"}],"wp:featuredmedia":[{"embeddable":true,"href":"https:\/\/gl\u00e4serne-produktion.de\/index.php?rest_route=\/wp\/v2\/media\/44"}],"wp:attachment":[{"href":"https:\/\/gl\u00e4serne-produktion.de\/index.php?rest_route=%2Fwp%2Fv2%2Fmedia&parent=4"}],"curies":[{"name":"wp","href":"https:\/\/api.w.org\/{rel}","templated":true}]}}