{"id":28,"date":"2013-11-12T13:29:57","date_gmt":"2013-11-12T11:29:57","guid":{"rendered":"http:\/\/gl\u00e4serne-produktion.de\/?page_id=28"},"modified":"2018-11-09T14:00:12","modified_gmt":"2018-11-09T13:00:12","slug":"startseite","status":"publish","type":"page","link":"https:\/\/gl\u00e4serne-produktion.de\/","title":{"rendered":"Startseite"},"content":{"rendered":"<h1>Heute und Morgen f\u00fcr die Zukunft sorgen.<\/h1>\n<p>Der anhaltende auch wirtschaftliche Erfolg unserer Land- und Ern\u00e4hrungswirtschaft sichert unsere b\u00e4uerlichen Strukturen und damit unsere abwechslungsreiche Kulturlandschaft und biologische Vielfalt.<\/p>\n<p>Erzeugung und Verarbeitung von Lebensmitteln stehen in einer engen Verbindung zu Region und Landschaft. Das Wissen dar\u00fcber wurde von Generation zu Generation weitergegeben und verbessert. Dennoch oder gerade darum ist das Bem\u00fchen um Nachhaltigkeit in der Land- und Ern\u00e4hrungswirtschaft eine Daueraufgabe. Mit welchen Ma\u00dfnahmen die Landwirtschaft f\u00fcr eine nachhaltige Wirtschaftweise sorgt, k\u00f6nnen Sie auf diesen Seiten nachlesen.<\/p>\n<p>Mit den eigenen Sinnen erfahren k\u00f6nnen Sie die Erzeugung und Verarbeitung von Lebensmitteln bei rund 400 \u201eGl\u00e4sernen Produktionen\u201c in Baden-W\u00fcrttemberg.<\/p>\n","protected":false},"excerpt":{"rendered":"<p>Heute und Morgen f\u00fcr die Zukunft sorgen. Der anhaltende auch wirtschaftliche Erfolg unserer Land- und Ern\u00e4hrungswirtschaft sichert unsere b\u00e4uerlichen Strukturen und damit unsere abwechslungsreiche Kulturlandschaft und biologische Vielfalt. Erzeugung und Verarbeitung von Lebensmitteln stehen in einer engen Verbindung zu Region &hellip; <a href=\"https:\/\/gl\u00e4serne-produktion.de\/\">Weiterlesen <span class=\"meta-nav\">&rarr;<\/span><\/a><\/p>\n","protected":false},"author":1,"featured_media":30,"parent":0,"menu_order":0,"comment_status":"closed","ping_status":"closed","template":"startseite.php","meta":{"footnotes":""},"class_list":["post-28","page","type-page","status-publish","has-post-thumbnail","hentry"],"publishpress_future_action":{"enabled":false,"date":"2026-04-13 21:58:26","action":"change-status","newStatus":"draft","terms":[],"taxonomy":"","extraData":[]},"publishpress_future_workflow_manual_trigger":{"enabledWorkflows":[]},"_links":{"self":[{"href":"https:\/\/gl\u00e4serne-produktion.de\/index.php?rest_route=\/wp\/v2\/pages\/28","targetHints":{"allow":["GET"]}}],"collection":[{"href":"https:\/\/gl\u00e4serne-produktion.de\/index.php?rest_route=\/wp\/v2\/pages"}],"about":[{"href":"https:\/\/gl\u00e4serne-produktion.de\/index.php?rest_route=\/wp\/v2\/types\/page"}],"author":[{"embeddable":true,"href":"https:\/\/gl\u00e4serne-produktion.de\/index.php?rest_route=\/wp\/v2\/users\/1"}],"replies":[{"embeddable":true,"href":"https:\/\/gl\u00e4serne-produktion.de\/index.php?rest_route=%2Fwp%2Fv2%2Fcomments&post=28"}],"version-history":[{"count":16,"href":"https:\/\/gl\u00e4serne-produktion.de\/index.php?rest_route=\/wp\/v2\/pages\/28\/revisions"}],"predecessor-version":[{"id":2107,"href":"https:\/\/gl\u00e4serne-produktion.de\/index.php?rest_route=\/wp\/v2\/pages\/28\/revisions\/2107"}],"wp:featuredmedia":[{"embeddable":true,"href":"https:\/\/gl\u00e4serne-produktion.de\/index.php?rest_route=\/wp\/v2\/media\/30"}],"wp:attachment":[{"href":"https:\/\/gl\u00e4serne-produktion.de\/index.php?rest_route=%2Fwp%2Fv2%2Fmedia&parent=28"}],"curies":[{"name":"wp","href":"https:\/\/api.w.org\/{rel}","templated":true}]}}