{"id":11,"date":"2013-11-12T13:12:48","date_gmt":"2013-11-12T11:12:48","guid":{"rendered":"http:\/\/gl\u00e4serne-produktion.de\/?page_id=11"},"modified":"2020-08-18T14:27:05","modified_gmt":"2020-08-18T12:27:05","slug":"glaeserne-produktion-vor-ort","status":"publish","type":"page","link":"https:\/\/gl\u00e4serne-produktion.de\/?page_id=11","title":{"rendered":"Gl\u00e4serne Produktion vor Ort"},"content":{"rendered":"<h1>Gl\u00e4serne Produktion vor Ort.<\/h1>\n<p>In Baden-W\u00fcrttemberg \u00f6ffnen im Jahresverlauf rund 400 Betriebe \u2013 landwirtschaftlich und lebensmittelhandwerklich \u2013 Ihre T\u00fcren f\u00fcr eine \u201eGl\u00e4serne Produktion\u201c.<\/p>\n<p>Die Termine hierf\u00fcr wurden bisher noch nicht landesweit erfasst. Wir m\u00f6chten Ihnen mit dieser Seite ab sofort die M\u00f6glichkeit bieten Ihre \u201eGl\u00e4serne Produktion\u201c anzuk\u00fcndigen beziehungsweise die \u201eGl\u00e4serne Produktion\u201c in Ihrer N\u00e4he zu finden.<\/p>\n","protected":false},"excerpt":{"rendered":"<p>Gl\u00e4serne Produktion vor Ort. In Baden-W\u00fcrttemberg \u00f6ffnen im Jahresverlauf rund 400 Betriebe \u2013 landwirtschaftlich und lebensmittelhandwerklich \u2013 Ihre T\u00fcren f\u00fcr eine \u201eGl\u00e4serne Produktion\u201c. Die Termine hierf\u00fcr wurden bisher noch nicht landesweit erfasst. Wir m\u00f6chten Ihnen mit dieser Seite ab sofort &hellip; <a href=\"https:\/\/gl\u00e4serne-produktion.de\/?page_id=11\">Weiterlesen <span class=\"meta-nav\">&rarr;<\/span><\/a><\/p>\n","protected":false},"author":1,"featured_media":135,"parent":0,"menu_order":0,"comment_status":"closed","ping_status":"closed","template":"standardseite.php","meta":{"footnotes":""},"class_list":["post-11","page","type-page","status-publish","has-post-thumbnail","hentry"],"publishpress_future_action":{"enabled":false,"date":"2026-04-12 18:07:27","action":"change-status","newStatus":"draft","terms":[],"taxonomy":"","extraData":[]},"publishpress_future_workflow_manual_trigger":{"enabledWorkflows":[]},"_links":{"self":[{"href":"https:\/\/gl\u00e4serne-produktion.de\/index.php?rest_route=\/wp\/v2\/pages\/11","targetHints":{"allow":["GET"]}}],"collection":[{"href":"https:\/\/gl\u00e4serne-produktion.de\/index.php?rest_route=\/wp\/v2\/pages"}],"about":[{"href":"https:\/\/gl\u00e4serne-produktion.de\/index.php?rest_route=\/wp\/v2\/types\/page"}],"author":[{"embeddable":true,"href":"https:\/\/gl\u00e4serne-produktion.de\/index.php?rest_route=\/wp\/v2\/users\/1"}],"replies":[{"embeddable":true,"href":"https:\/\/gl\u00e4serne-produktion.de\/index.php?rest_route=%2Fwp%2Fv2%2Fcomments&post=11"}],"version-history":[{"count":8,"href":"https:\/\/gl\u00e4serne-produktion.de\/index.php?rest_route=\/wp\/v2\/pages\/11\/revisions"}],"predecessor-version":[{"id":2743,"href":"https:\/\/gl\u00e4serne-produktion.de\/index.php?rest_route=\/wp\/v2\/pages\/11\/revisions\/2743"}],"wp:featuredmedia":[{"embeddable":true,"href":"https:\/\/gl\u00e4serne-produktion.de\/index.php?rest_route=\/wp\/v2\/media\/135"}],"wp:attachment":[{"href":"https:\/\/gl\u00e4serne-produktion.de\/index.php?rest_route=%2Fwp%2Fv2%2Fmedia&parent=11"}],"curies":[{"name":"wp","href":"https:\/\/api.w.org\/{rel}","templated":true}]}}